{"id":108,"date":"2026-02-07T22:34:17","date_gmt":"2026-02-07T22:34:17","guid":{"rendered":"https:\/\/gsrefinery.nl\/?page_id=108"},"modified":"2026-02-20T20:48:17","modified_gmt":"2026-02-20T20:48:17","slug":"verzilverd","status":"publish","type":"page","link":"https:\/\/gsrefinery.nl\/de\/verzilverd\/","title":{"rendered":"Versilbert"},"content":{"rendered":"<h2 class=\"wp-block-heading has-text-color has-link-color has-large-font-size wp-elements-43f0eca24ce3ddf5b55e2de24e9fcc15\" style=\"color:#cf2e2e\"><strong>Versilbertes Material: hochwertige Extraktion<\/strong><\/h2>\n\n\n\n<p class=\"has-contrast-color has-text-color has-link-color wp-elements-859b6fa029e14507d4eb7669e0a56025\" style=\"font-size:clamp(14px, 0.875rem + ((1vw - 3.2px) * 0.196), 16px);\">Versilberte Reststr\u00f6me \u2013 von industriellen Kontaktpunkten und Stromschienen bis hin zu Bimetallen und hochwertigen Produktionsabf\u00e4llen \u2013 enthalten eine Silberschicht, die wir als spezialisierte Raffinerie in reines Silber umwandeln k\u00f6nnen. Wir wenden hochwertige physikalische, thermische und chemische Verfahren an, um das Silber effizient und umweltfreundlich in den Kreislauf zur\u00fcckzuf\u00fchren.<\/p>\n\n\n\n<h2 class=\"wp-block-heading has-text-color has-link-color has-large-font-size wp-elements-43c31b9360d6f198f5469f3fe414a75c\" style=\"color:#cf2e2e\"><strong>Verzilberte Produktstr\u00f6me<\/strong><\/h2>\n\n\n\n<p class=\"has-contrast-color has-text-color has-link-color wp-elements-a2f091e6646c1b842ad34536118157c1\" style=\"font-size:clamp(14px, 0.875rem + ((1vw - 3.2px) * 0.196), 16px);\">Wir sind auf die Verarbeitung komplexer versilberter Substrate und industrieller Reststr\u00f6me ausgerichtet, darunter:<\/p>\n\n\n\n<ul class=\"wp-block-list\">\n<li class=\"has-contrast-color has-text-color has-link-color wp-elements-2ee7ab03efc34a0a15774aef680fd276\" style=\"font-size:clamp(14px, 0.875rem + ((1vw - 3.2px) * 0.196), 16px);\"><strong>Industrielle Kontaktstellen:<\/strong> Silber-auf-Kupfer-Kontakte, Relais, Schalter und Stromschienen (Ag\/Cu).<\/li>\n\n\n\n<li class=\"has-contrast-color has-text-color has-link-color wp-elements-ceaf954bad9050222ee471e9f41ad8a2\" style=\"font-size:clamp(14px, 0.875rem + ((1vw - 3.2px) * 0.196), 16px);\"><strong>Bimetalle:<\/strong> Legierungen aus Silber mit Kupfer, Messing oder Neusilber.<\/li>\n\n\n\n<li class=\"has-contrast-color has-text-color has-link-color wp-elements-e589bbf91da6f87a85fd8b43dcf15b12\" style=\"font-size:clamp(14px, 0.875rem + ((1vw - 3.2px) * 0.196), 16px);\"><strong>Produktionsausfall:<\/strong> Versilberter Draht, Stanzabf\u00e4lle, Streifen und Ausschussware (Rejections).<\/li>\n\n\n\n<li class=\"has-contrast-color has-text-color has-link-color wp-elements-414aa2dc18a37aa0b8d5db8496ba896d\" style=\"font-size:clamp(14px, 0.875rem + ((1vw - 3.2px) * 0.196), 16px);\"><strong>Telekommunikationskomponenten:<\/strong> Versilberte Koaxialkerne, Steckverbinder und Wellenleiter.<\/li>\n\n\n\n<li class=\"has-contrast-color has-text-color has-link-color wp-elements-31068ee287dbe4c4811c5e6fba0ce2c8\" style=\"font-size:clamp(14px, 0.875rem + ((1vw - 3.2px) * 0.196), 16px);\"><strong>Kommerzielle Fraktionen:<\/strong> Hotelsilber und versilbertes Besteck (Basis 90\/100).<\/li>\n<\/ul>\n\n\n\n<h2 class=\"wp-block-heading has-text-color has-link-color has-large-font-size wp-elements-19be1e68ab62663ecae9f90d37a4b338\" style=\"color:#cf2e2e\"><strong>Wertgewinnung durch Experten<\/strong><\/h2>\n\n\n\n<p class=\"has-contrast-color has-text-color has-link-color wp-elements-9180318064d858d2d42e3a7153e3e32e\" style=\"font-size:clamp(14px, 0.875rem + ((1vw - 3.2px) * 0.196), 16px);\">Je nach Legierung und Grundmaterial w\u00e4hlen wir den effizientesten Weg f\u00fcr den thermischen, physikalischen und chemischen Prozess. Wir konzentrieren uns auf:<\/p>\n\n\n\n<ul class=\"wp-block-list\">\n<li class=\"has-contrast-color has-text-color has-link-color wp-elements-14ab924a2cbb098730fa60f5573d55f2\" style=\"font-size:clamp(14px, 0.875rem + ((1vw - 3.2px) * 0.196), 16px);\"><strong>Silber (Ag):<\/strong> Unser Hauptaugenmerk liegt auf einer maximalen Verg\u00fctung auf Basis des tats\u00e4chlichen Gewichts.<\/li>\n\n\n\n<li class=\"has-contrast-color has-text-color has-link-color wp-elements-a51a8b4e4e1b304661fcb0f922f0f921\" style=\"font-size:clamp(14px, 0.875rem + ((1vw - 3.2px) * 0.196), 16px);\"><strong>Legierungen:<\/strong> Analyse auf eventuell vorhandene Spuren von Palladium oder Gold in bestimmten industriellen Legierungen.<\/li>\n<\/ul>\n\n\n\n<h2 class=\"wp-block-heading has-text-color has-link-color has-large-font-size wp-elements-c3434ef1e0267ee698d741536ff690b2\" style=\"color:#cf2e2e\"><strong>F\u00fcr wen arbeiten wir?<\/strong><\/h2>\n\n\n\n<p class=\"has-contrast-color has-text-color has-link-color wp-elements-63747eaaf4dd942b1ea665ba034cfd9c\" style=\"font-size:clamp(14px, 0.875rem + ((1vw - 3.2px) * 0.196), 16px);\">Wir arbeiten ausschlie\u00dflich im Business-to-Business-Bereich und unterst\u00fctzen unter anderem:<\/p>\n\n\n\n<ul class=\"wp-block-list\">\n<li class=\"has-contrast-color has-text-color has-link-color wp-elements-40b1cb628e975e55abf9b0d25d1da6c6\" style=\"font-size:clamp(14px, 0.875rem + ((1vw - 3.2px) * 0.196), 16px);\"><strong>Recyclingunternehmen<\/strong><\/li>\n\n\n\n<li class=\"has-contrast-color has-text-color has-link-color wp-elements-4c80d9c102efea942a327640a3524682\" style=\"font-size:clamp(14px, 0.875rem + ((1vw - 3.2px) * 0.196), 16px);\"><strong>Produzenten und Hersteller<\/strong><\/li>\n\n\n\n<li class=\"has-contrast-color has-text-color has-link-color wp-elements-f68a08aa3c98c6cab45587071a6f7ed2\" style=\"font-size:clamp(14px, 0.875rem + ((1vw - 3.2px) * 0.196), 16px);\"><strong>Staatliche Einrichtungen<\/strong><\/li>\n<\/ul>\n\n\n\n<h2 class=\"wp-block-heading has-text-color has-link-color has-large-font-size wp-elements-0274d9b42f299417ee347940c629dd77\" style=\"color:#d1201a\"><strong>Wie verarbeiten wir Ihr Material?<\/strong><\/h2>\n\n\n\n<p class=\"has-contrast-color has-text-color has-link-color wp-elements-dadab1bb27f5c57052b7119e37da92e9\" style=\"font-size:clamp(14px, 0.875rem + ((1vw - 3.2px) * 0.196), 16px);\">Zun\u00e4chst nehmen wir Ihr Material entgegen. Das Material wird mittels eines thermischen Prozesses vorbehandelt, woraufhin wir den chemischen Prozess in Gang setzen.<\/p>\n\n\n\n<h2 class=\"wp-block-heading has-text-color has-link-color has-large-font-size wp-elements-29e01a2754cab04aadbd9145811f171c\" style=\"color:#d1201a\"><strong>Analyse und Auszahlung<\/strong><\/h2>\n\n\n\n<p class=\"has-contrast-color has-text-color has-link-color wp-elements-5bcc0778af3c5edd34739da2efaa03d9\" style=\"font-size:clamp(14px, 0.875rem + ((1vw - 3.2px) * 0.196), 16px);\">In unserem Labor verwenden wir modernste Analyseger\u00e4te und -methoden, um die genaue Zusammensetzung der zur\u00fcckgewonnenen Metalle zu bestimmen. Auf der Grundlage dieser Analysewerte erstellen wir die endg\u00fcltige Abrechnung, woraufhin Sie die Auszahlung oder Gutschrift auf Ihrem Gewichtskonto erwarten k\u00f6nnen.<\/p>","protected":false},"excerpt":{"rendered":"<p>Verzilverd materiaal: hoogwaardige extractie Verzilverde reststromen \u2013 van industri\u00eble contactpunten en stroomrails tot bimetalen en hoogwaardige productieafvallen \u2013 bevatten een zilverlaag die wij, als gespecialiseerde raffinaderij, kunnen omzetten naar zuiver zilver. Wij passen hoogwaardige fysische, thermische en chemische processen toe om het zilver effici\u00ebnt en milieuvriendelijk terug te laten keren in de kringloop. Verzilverde productstromen [&hellip;]<\/p>\n","protected":false},"author":1,"featured_media":32,"parent":0,"menu_order":0,"comment_status":"closed","ping_status":"closed","template":"","meta":{"footnotes":""},"class_list":["post-108","page","type-page","status-publish","has-post-thumbnail","hentry"],"yoast_head":"<!-- This site is optimized with the Yoast SEO plugin v27.2 - https:\/\/yoast.com\/product\/yoast-seo-wordpress\/ -->\n<title>Verzilverd - GS Refinery BV<\/title>\n<meta name=\"robots\" content=\"noindex, follow, max-snippet:-1, max-image-preview:large, max-video-preview:-1\" \/>\n<meta property=\"og:locale\" content=\"de_DE\" \/>\n<meta property=\"og:type\" content=\"article\" \/>\n<meta property=\"og:title\" content=\"Verzilverd - GS Refinery BV\" \/>\n<meta property=\"og:description\" content=\"Verzilverd materiaal: hoogwaardige extractie Verzilverde reststromen \u2013 van industri\u00eble contactpunten en stroomrails tot bimetalen en hoogwaardige productieafvallen \u2013 bevatten een zilverlaag die wij, als gespecialiseerde raffinaderij, kunnen omzetten naar zuiver zilver. Wij passen hoogwaardige fysische, thermische en chemische processen toe om het zilver effici\u00ebnt en milieuvriendelijk terug te laten keren in de kringloop. Verzilverde productstromen [&hellip;]\" \/>\n<meta property=\"og:url\" content=\"https:\/\/gsrefinery.nl\/de\/verzilverd\/\" \/>\n<meta property=\"og:site_name\" content=\"GS Refinery BV\" \/>\n<meta property=\"article:modified_time\" content=\"2026-02-20T20:48:17+00:00\" \/>\n<meta property=\"og:image\" content=\"https:\/\/gsrefinery.nl\/wp-content\/uploads\/2026\/02\/stock-photo-silver-plated-copper-ready-to-be-recycled-1655451748.jpg\" \/>\n\t<meta property=\"og:image:width\" content=\"1500\" \/>\n\t<meta property=\"og:image:height\" content=\"1225\" \/>\n\t<meta property=\"og:image:type\" content=\"image\/jpeg\" \/>\n<meta name=\"twitter:card\" content=\"summary_large_image\" \/>\n<meta name=\"twitter:label1\" content=\"Gesch\u00e4tzte Lesezeit\" \/>\n\t<meta name=\"twitter:data1\" content=\"2\u00a0Minuten\" \/>\n<script type=\"application\/ld+json\" class=\"yoast-schema-graph\">{\"@context\":\"https:\/\/schema.org\",\"@graph\":[{\"@type\":\"WebPage\",\"@id\":\"https:\/\/gsrefinery.nl\/verzilverd\/\",\"url\":\"https:\/\/gsrefinery.nl\/verzilverd\/\",\"name\":\"Verzilverd - GS Refinery BV\",\"isPartOf\":{\"@id\":\"https:\/\/gsrefinery.nl\/#website\"},\"primaryImageOfPage\":{\"@id\":\"https:\/\/gsrefinery.nl\/verzilverd\/#primaryimage\"},\"image\":{\"@id\":\"https:\/\/gsrefinery.nl\/verzilverd\/#primaryimage\"},\"thumbnailUrl\":\"https:\/\/gsrefinery.nl\/wp-content\/uploads\/2026\/02\/stock-photo-silver-plated-copper-ready-to-be-recycled-1655451748.jpg\",\"datePublished\":\"2026-02-07T22:34:17+00:00\",\"dateModified\":\"2026-02-20T20:48:17+00:00\",\"breadcrumb\":{\"@id\":\"https:\/\/gsrefinery.nl\/verzilverd\/#breadcrumb\"},\"inLanguage\":\"de\",\"potentialAction\":[{\"@type\":\"ReadAction\",\"target\":[\"https:\/\/gsrefinery.nl\/verzilverd\/\"]}]},{\"@type\":\"ImageObject\",\"inLanguage\":\"de\",\"@id\":\"https:\/\/gsrefinery.nl\/verzilverd\/#primaryimage\",\"url\":\"https:\/\/gsrefinery.nl\/wp-content\/uploads\/2026\/02\/stock-photo-silver-plated-copper-ready-to-be-recycled-1655451748.jpg\",\"contentUrl\":\"https:\/\/gsrefinery.nl\/wp-content\/uploads\/2026\/02\/stock-photo-silver-plated-copper-ready-to-be-recycled-1655451748.jpg\",\"width\":1500,\"height\":1225},{\"@type\":\"BreadcrumbList\",\"@id\":\"https:\/\/gsrefinery.nl\/verzilverd\/#breadcrumb\",\"itemListElement\":[{\"@type\":\"ListItem\",\"position\":1,\"name\":\"Home\",\"item\":\"https:\/\/gsrefinery.nl\/\"},{\"@type\":\"ListItem\",\"position\":2,\"name\":\"Verzilverd\"}]},{\"@type\":\"WebSite\",\"@id\":\"https:\/\/gsrefinery.nl\/#website\",\"url\":\"https:\/\/gsrefinery.nl\/\",\"name\":\"Industrial Precious Metal Recycling\",\"description\":\"Edelmetaal recycling\",\"publisher\":{\"@id\":\"https:\/\/gsrefinery.nl\/#organization\"},\"potentialAction\":[{\"@type\":\"SearchAction\",\"target\":{\"@type\":\"EntryPoint\",\"urlTemplate\":\"https:\/\/gsrefinery.nl\/?s={search_term_string}\"},\"query-input\":{\"@type\":\"PropertyValueSpecification\",\"valueRequired\":true,\"valueName\":\"search_term_string\"}}],\"inLanguage\":\"de\"},{\"@type\":\"Organization\",\"@id\":\"https:\/\/gsrefinery.nl\/#organization\",\"name\":\"Industrial Precious Metal Recycling\",\"url\":\"https:\/\/gsrefinery.nl\/\",\"logo\":{\"@type\":\"ImageObject\",\"inLanguage\":\"de\",\"@id\":\"https:\/\/gsrefinery.nl\/#\/schema\/logo\/image\/\",\"url\":\"https:\/\/gsrefinery.nl\/wp-content\/uploads\/2026\/02\/Logo-GS-Refinery-BV-vierkant.png\",\"contentUrl\":\"https:\/\/gsrefinery.nl\/wp-content\/uploads\/2026\/02\/Logo-GS-Refinery-BV-vierkant.png\",\"width\":1024,\"height\":1024,\"caption\":\"Industrial Precious Metal Recycling\"},\"image\":{\"@id\":\"https:\/\/gsrefinery.nl\/#\/schema\/logo\/image\/\"}}]}<\/script>\n<!-- \/ Yoast SEO plugin. -->","yoast_head_json":{"title":"Verzilverd - GS Refinery BV","robots":{"index":"noindex","follow":"follow","max-snippet":"max-snippet:-1","max-image-preview":"max-image-preview:large","max-video-preview":"max-video-preview:-1"},"og_locale":"de_DE","og_type":"article","og_title":"Verzilverd - GS Refinery BV","og_description":"Verzilverd materiaal: hoogwaardige extractie Verzilverde reststromen \u2013 van industri\u00eble contactpunten en stroomrails tot bimetalen en hoogwaardige productieafvallen \u2013 bevatten een zilverlaag die wij, als gespecialiseerde raffinaderij, kunnen omzetten naar zuiver zilver. Wij passen hoogwaardige fysische, thermische en chemische processen toe om het zilver effici\u00ebnt en milieuvriendelijk terug te laten keren in de kringloop. Verzilverde productstromen [&hellip;]","og_url":"https:\/\/gsrefinery.nl\/de\/verzilverd\/","og_site_name":"GS Refinery BV","article_modified_time":"2026-02-20T20:48:17+00:00","og_image":[{"width":1500,"height":1225,"url":"https:\/\/gsrefinery.nl\/wp-content\/uploads\/2026\/02\/stock-photo-silver-plated-copper-ready-to-be-recycled-1655451748.jpg","type":"image\/jpeg"}],"twitter_card":"summary_large_image","twitter_misc":{"Gesch\u00e4tzte Lesezeit":"2\u00a0Minuten"},"schema":{"@context":"https:\/\/schema.org","@graph":[{"@type":"WebPage","@id":"https:\/\/gsrefinery.nl\/verzilverd\/","url":"https:\/\/gsrefinery.nl\/verzilverd\/","name":"Verzilverd - GS Refinery BV","isPartOf":{"@id":"https:\/\/gsrefinery.nl\/#website"},"primaryImageOfPage":{"@id":"https:\/\/gsrefinery.nl\/verzilverd\/#primaryimage"},"image":{"@id":"https:\/\/gsrefinery.nl\/verzilverd\/#primaryimage"},"thumbnailUrl":"https:\/\/gsrefinery.nl\/wp-content\/uploads\/2026\/02\/stock-photo-silver-plated-copper-ready-to-be-recycled-1655451748.jpg","datePublished":"2026-02-07T22:34:17+00:00","dateModified":"2026-02-20T20:48:17+00:00","breadcrumb":{"@id":"https:\/\/gsrefinery.nl\/verzilverd\/#breadcrumb"},"inLanguage":"de","potentialAction":[{"@type":"ReadAction","target":["https:\/\/gsrefinery.nl\/verzilverd\/"]}]},{"@type":"ImageObject","inLanguage":"de","@id":"https:\/\/gsrefinery.nl\/verzilverd\/#primaryimage","url":"https:\/\/gsrefinery.nl\/wp-content\/uploads\/2026\/02\/stock-photo-silver-plated-copper-ready-to-be-recycled-1655451748.jpg","contentUrl":"https:\/\/gsrefinery.nl\/wp-content\/uploads\/2026\/02\/stock-photo-silver-plated-copper-ready-to-be-recycled-1655451748.jpg","width":1500,"height":1225},{"@type":"BreadcrumbList","@id":"https:\/\/gsrefinery.nl\/verzilverd\/#breadcrumb","itemListElement":[{"@type":"ListItem","position":1,"name":"Home","item":"https:\/\/gsrefinery.nl\/"},{"@type":"ListItem","position":2,"name":"Verzilverd"}]},{"@type":"WebSite","@id":"https:\/\/gsrefinery.nl\/#website","url":"https:\/\/gsrefinery.nl\/","name":"Industrial Precious Metal Recycling","description":"Edelmetaal recycling","publisher":{"@id":"https:\/\/gsrefinery.nl\/#organization"},"potentialAction":[{"@type":"SearchAction","target":{"@type":"EntryPoint","urlTemplate":"https:\/\/gsrefinery.nl\/?s={search_term_string}"},"query-input":{"@type":"PropertyValueSpecification","valueRequired":true,"valueName":"search_term_string"}}],"inLanguage":"de"},{"@type":"Organization","@id":"https:\/\/gsrefinery.nl\/#organization","name":"Industrial Precious Metal Recycling","url":"https:\/\/gsrefinery.nl\/","logo":{"@type":"ImageObject","inLanguage":"de","@id":"https:\/\/gsrefinery.nl\/#\/schema\/logo\/image\/","url":"https:\/\/gsrefinery.nl\/wp-content\/uploads\/2026\/02\/Logo-GS-Refinery-BV-vierkant.png","contentUrl":"https:\/\/gsrefinery.nl\/wp-content\/uploads\/2026\/02\/Logo-GS-Refinery-BV-vierkant.png","width":1024,"height":1024,"caption":"Industrial Precious Metal Recycling"},"image":{"@id":"https:\/\/gsrefinery.nl\/#\/schema\/logo\/image\/"}}]}},"_links":{"self":[{"href":"https:\/\/gsrefinery.nl\/de\/wp-json\/wp\/v2\/pages\/108","targetHints":{"allow":["GET"]}}],"collection":[{"href":"https:\/\/gsrefinery.nl\/de\/wp-json\/wp\/v2\/pages"}],"about":[{"href":"https:\/\/gsrefinery.nl\/de\/wp-json\/wp\/v2\/types\/page"}],"author":[{"embeddable":true,"href":"https:\/\/gsrefinery.nl\/de\/wp-json\/wp\/v2\/users\/1"}],"replies":[{"embeddable":true,"href":"https:\/\/gsrefinery.nl\/de\/wp-json\/wp\/v2\/comments?post=108"}],"version-history":[{"count":7,"href":"https:\/\/gsrefinery.nl\/de\/wp-json\/wp\/v2\/pages\/108\/revisions"}],"predecessor-version":[{"id":216,"href":"https:\/\/gsrefinery.nl\/de\/wp-json\/wp\/v2\/pages\/108\/revisions\/216"}],"wp:featuredmedia":[{"embeddable":true,"href":"https:\/\/gsrefinery.nl\/de\/wp-json\/wp\/v2\/media\/32"}],"wp:attachment":[{"href":"https:\/\/gsrefinery.nl\/de\/wp-json\/wp\/v2\/media?parent=108"}],"curies":[{"name":"wp","href":"https:\/\/api.w.org\/{rel}","templated":true}]}}