{"id":110,"date":"2026-02-07T22:36:59","date_gmt":"2026-02-07T22:36:59","guid":{"rendered":"https:\/\/gsrefinery.nl\/?page_id=110"},"modified":"2026-02-20T22:00:46","modified_gmt":"2026-02-20T22:00:46","slug":"bodemas","status":"publish","type":"page","link":"https:\/\/gsrefinery.nl\/de\/bodemas\/","title":{"rendered":"MVA-Schlacke"},"content":{"rendered":"<h2 class=\"wp-block-heading has-text-color has-link-color has-large-font-size wp-elements-9a235a7305afbca63feee3cdba4304dc\" style=\"color:#cf2e2e\"><strong>MVA-Metallfraktionen: Maximale R\u00fcckgewinnung aus komplexen Reststr\u00f6men<\/strong><\/h2>\n\n\n\n<p class=\"has-contrast-color has-text-color has-link-color wp-elements-4a84ce11149bafe3cda59ce9d30456e0\" style=\"font-size:clamp(14px, 0.875rem + ((1vw - 3.2px) * 0.196), 16px);\">MVA-Metallfraktionen \u2013 die feinmaschigen Metallkonzentrate, die nach der thermischen Verarbeitung in M\u00fcllverbrennungsanlagen (MVA) \u00fcbrig bleiben \u2013 geh\u00f6ren zu den komplexesten Reststr\u00f6men auf dem Markt. Diese Fraktionen bestehen aus einer heterogenen Mischung aus Nichteisenmetallen und edelmetallhaltigen Legierungen. W\u00e4hrend Standardschmelzwerke oft Schwierigkeiten mit der variablen Zusammensetzung haben, garantiert GS Refinery BV durch spezialisiertes Sortierwissen und fortschrittliche Raffination ein optimales R\u00fcckgewinnungsergebnis.<\/p>\n\n\n\n<h3 class=\"wp-block-heading has-text-color has-link-color wp-elements-a9afc42098808e0d3e73d5c8f55e7501\" style=\"color:#cf2e2e\"><strong>Warum sollten Sie komplexe MVA-Fraktionen von uns verarbeiten lassen?<\/strong><\/h3>\n\n\n\n<p class=\"has-contrast-color has-text-color has-link-color wp-elements-9881fb52d438e6e0185a971b06effa2d\" style=\"font-size:clamp(14px, 0.875rem + ((1vw - 3.2px) * 0.196), 16px);\">Der Wert von MVA-Metallen liegt oft in mikroskopisch kleinen Einschl\u00fcssen und komplexen Bimetallen verborgen. Durch den Einsatz hochwertiger Schmelz- und Trenntechniken:<\/p>\n\n\n\n<ul class=\"wp-block-list\">\n<li class=\"has-contrast-color has-text-color has-link-color wp-elements-f4d6ddd252d70236950662682a3f6bf2\" style=\"font-size:clamp(14px, 0.875rem + ((1vw - 3.2px) * 0.196), 16px);\"><strong>Wir gewinnen jedes Gramm zur\u00fcck:<\/strong> Wir identifizieren und raffinieren die Edelmetalle (Au, Ag, Pt, Pd), die im unedlen Metall enthalten sind.<\/li>\n\n\n\n<li class=\"has-contrast-color has-text-color has-link-color wp-elements-2f2a8fab67d63be32da48ac978c7734a\" style=\"font-size:clamp(14px, 0.875rem + ((1vw - 3.2px) * 0.196), 16px);\"><strong>Erzielen Sie eine \u00fcberdurchschnittliche Rendite:<\/strong> Unsere Verfahren sind speziell darauf ausgelegt, den Verlust von Edelmetallen bei der Verarbeitung zu minimieren und den Ertrag zu maximieren.<\/li>\n\n\n\n<li class=\"has-contrast-color has-text-color has-link-color wp-elements-b9495ce820febaf57241c7d328c33bf5\" style=\"font-size:clamp(14px, 0.875rem + ((1vw - 3.2px) * 0.196), 16px);\"><strong>Transparenz in komplexen Legierungen:<\/strong> Durch genaue Probenahmen ermitteln wir die genaue Zusammensetzung Ihrer heterogenen Fraktionen, um den besten Verarbeitungsplan zu erstellen.<\/li>\n<\/ul>\n\n\n\n<h3 class=\"wp-block-heading has-text-color has-link-color wp-elements-3fd33a6a5a2d7a2fdee4a10a3238b6f8\" style=\"color:#cf2e2e\"><strong>Hochwertige Raffination und Fl\u00fcssigkeitsextraktion<\/strong><\/h3>\n\n\n\n<p class=\"has-contrast-color has-text-color has-link-color wp-elements-4a57d6f08e9a1ec16a8f91e82d081fd5\" style=\"font-size:clamp(14px, 0.875rem + ((1vw - 3.2px) * 0.196), 16px);\">Die Verarbeitung von MVA-metallen erfordert eine Kombination aus mechanischer Sortierung und chemischer Raffination. Unser Verfahren ist darauf ausgerichtet, die Elemente vollst\u00e4ndig zu isolieren:<\/p>\n\n\n\n<ol start=\"1\" class=\"wp-block-list\">\n<li class=\"has-contrast-color has-text-color has-link-color wp-elements-015ad73ba1d0d30e66c2968cbecf6c1b\" style=\"font-size:clamp(14px, 0.875rem + ((1vw - 3.2px) * 0.196), 16px);\"><strong>Sortieroptimierung:<\/strong> Dank unserer fundierten Kenntnisse \u00fcber Restfraktionen erkennen und trennen wir die wertvollsten Konzentrate.<\/li>\n\n\n\n<li class=\"has-contrast-color has-text-color has-link-color wp-elements-cc3706162bddaed6354825d27c048e36\" style=\"font-size:clamp(14px, 0.875rem + ((1vw - 3.2px) * 0.196), 16px);\"><strong>Thermische, physikalische und chemische Verarbeitung:<\/strong> Wir zerlegen die komplexen Metallverbindungen, um die einzelnen Edelmetalle freizusetzen.<\/li>\n\n\n\n<li class=\"has-contrast-color has-text-color has-link-color wp-elements-c44ec6197941dc8ff7163fca4997f1b9\" style=\"font-size:clamp(14px, 0.875rem + ((1vw - 3.2px) * 0.196), 16px);\"><strong>Reinigung:<\/strong> Raffination bis zur industriellen Reinheit f\u00fcr die direkte Wiedereinf\u00fchrung in die Edelmetallkette.<\/li>\n<\/ol>\n\n\n\n<h3 class=\"wp-block-heading has-text-color has-link-color wp-elements-963d577c953366f56fecc8e3c226e60a\" style=\"color:#cf2e2e\"><strong>F\u00fcr wen arbeiten wir?<\/strong><\/h3>\n\n\n\n<p class=\"has-contrast-color has-text-color has-link-color wp-elements-be31c8c090db666b45ee693f49d879d8\" style=\"font-size:clamp(14px, 0.875rem + ((1vw - 3.2px) * 0.196), 16px);\">GS Refinery BV fungiert als spezialisierter Partner f\u00fcr Unternehmen, die mit komplexen Metallmischungen zu tun haben:<\/p>\n\n\n\n<ul class=\"wp-block-list\">\n<li class=\"has-contrast-color has-text-color has-link-color wp-elements-6637b22f259294610f63fc070fd23eb3\" style=\"font-size:clamp(14px, 0.875rem + ((1vw - 3.2px) * 0.196), 16px);\"><strong>Verbrennungsanlagen (AEC\/AVI):<\/strong> F\u00fcr die Aufwertung von Nichteisenkonzentraten.<\/li>\n\n\n\n<li class=\"has-contrast-color has-text-color has-link-color wp-elements-247032fc955fbd00bbe78894ab733979\" style=\"font-size:clamp(14px, 0.875rem + ((1vw - 3.2px) * 0.196), 16px);\"><strong>Trennungsunternehmen<\/strong> die auf die Trennung von (Edel-)Metallen aus Nichteisenkonzentraten spezialisiert sind. <\/li>\n\n\n\n<li class=\"has-contrast-color has-text-color has-link-color wp-elements-b1e9fb7086c5e35907cdc32f52222c8f\" style=\"font-size:clamp(14px, 0.875rem + ((1vw - 3.2px) * 0.196), 16px);\"><strong>Metallrecyclingunternehmen:<\/strong> Die sich auf gemischte Fraktionen beziehen, in denen Edelmetalle enthalten sind.<\/li>\n\n\n\n<li class=\"has-contrast-color has-text-color has-link-color wp-elements-7182b7507a1a805505ebc016986a4659\" style=\"font-size:clamp(14px, 0.875rem + ((1vw - 3.2px) * 0.196), 16px);\"><strong>Industri\u00eble ondernemingen:<\/strong> Zur Aufbereitung komplexer Prozessr\u00fcckst\u00e4nde und Ascher\u00fcckst\u00e4nde.<\/li>\n<\/ul>\n\n\n\n<h3 class=\"wp-block-heading has-text-color has-link-color wp-elements-469a589852edd7fea595484ccf7b2e54\" style=\"color:#cf2e2e\"><strong>Analyse und Auszahlung<\/strong><\/h3>\n\n\n\n<p class=\"has-contrast-color has-text-color has-link-color wp-elements-d4a0ab9af4844e3b9588cf5b1d8ebf90\" style=\"font-size:clamp(14px, 0.875rem + ((1vw - 3.2px) * 0.196), 16px);\">In unserem hochmodernen Labor bestimmen wir mit \u00e4u\u00dferster Pr\u00e4zision die genauen Gehalte der verschiedenen Elemente in Ihrer Bodenaschefraktion. Auf der Grundlage dieser detaillierten Analyse erstellen wir die endg\u00fcltige Abrechnung. Sie k\u00f6nnen sich auf eine transparente Abwicklung verlassen, bei der Sie zwischen einer direkten Auszahlung oder einer Gutschrift auf Ihrem Gewichtskonto w\u00e4hlen k\u00f6nnen.<\/p>","protected":false},"excerpt":{"rendered":"<p>Bodemas-metaalfracties: Maximale recuperatie uit complexe reststromen Bodemas-metaalfracties \u2013 de fijnmazige metaalconcentraten die overblijven na thermische verwerking in afvalenergiecentrales (AEC) \u2013 vormen een van de meest complexe reststromen in de markt. Deze fracties bestaan uit een heterogene mix van non-ferrometalen en edelmetaalhoudende legeringen. Waar standaard smelters vaak moeite hebben met de variabele samenstelling, garandeert GS Refinery [&hellip;]<\/p>\n","protected":false},"author":1,"featured_media":35,"parent":0,"menu_order":0,"comment_status":"closed","ping_status":"closed","template":"","meta":{"footnotes":""},"class_list":["post-110","page","type-page","status-publish","has-post-thumbnail","hentry"],"yoast_head":"<!-- This site is optimized with the Yoast SEO plugin v27.2 - https:\/\/yoast.com\/product\/yoast-seo-wordpress\/ -->\n<title>Bodemas - GS Refinery BV<\/title>\n<meta name=\"robots\" content=\"noindex, follow, max-snippet:-1, max-image-preview:large, max-video-preview:-1\" \/>\n<meta property=\"og:locale\" content=\"de_DE\" \/>\n<meta property=\"og:type\" content=\"article\" \/>\n<meta property=\"og:title\" content=\"Bodemas - GS Refinery BV\" \/>\n<meta property=\"og:description\" content=\"Bodemas-metaalfracties: Maximale recuperatie uit complexe reststromen Bodemas-metaalfracties \u2013 de fijnmazige metaalconcentraten die overblijven na thermische verwerking in afvalenergiecentrales (AEC) \u2013 vormen een van de meest complexe reststromen in de markt. Deze fracties bestaan uit een heterogene mix van non-ferrometalen en edelmetaalhoudende legeringen. Waar standaard smelters vaak moeite hebben met de variabele samenstelling, garandeert GS Refinery [&hellip;]\" \/>\n<meta property=\"og:url\" content=\"https:\/\/gsrefinery.nl\/de\/bodemas\/\" \/>\n<meta property=\"og:site_name\" content=\"GS Refinery BV\" \/>\n<meta property=\"article:modified_time\" content=\"2026-02-20T22:00:46+00:00\" \/>\n<meta property=\"og:image\" content=\"https:\/\/gsrefinery.nl\/wp-content\/uploads\/2026\/02\/Gemini_Generated_Image_iatmpiatmpiatmpi-1024x683.png\" \/>\n\t<meta property=\"og:image:width\" content=\"1024\" \/>\n\t<meta property=\"og:image:height\" content=\"683\" \/>\n\t<meta property=\"og:image:type\" content=\"image\/png\" \/>\n<meta name=\"twitter:card\" content=\"summary_large_image\" \/>\n<meta name=\"twitter:label1\" content=\"Gesch\u00e4tzte Lesezeit\" \/>\n\t<meta name=\"twitter:data1\" content=\"2\u00a0Minuten\" \/>\n<script type=\"application\/ld+json\" class=\"yoast-schema-graph\">{\"@context\":\"https:\/\/schema.org\",\"@graph\":[{\"@type\":\"WebPage\",\"@id\":\"https:\/\/gsrefinery.nl\/bodemas\/\",\"url\":\"https:\/\/gsrefinery.nl\/bodemas\/\",\"name\":\"Bodemas - GS Refinery BV\",\"isPartOf\":{\"@id\":\"https:\/\/gsrefinery.nl\/#website\"},\"primaryImageOfPage\":{\"@id\":\"https:\/\/gsrefinery.nl\/bodemas\/#primaryimage\"},\"image\":{\"@id\":\"https:\/\/gsrefinery.nl\/bodemas\/#primaryimage\"},\"thumbnailUrl\":\"https:\/\/gsrefinery.nl\/wp-content\/uploads\/2026\/02\/Gemini_Generated_Image_iatmpiatmpiatmpi.png\",\"datePublished\":\"2026-02-07T22:36:59+00:00\",\"dateModified\":\"2026-02-20T22:00:46+00:00\",\"breadcrumb\":{\"@id\":\"https:\/\/gsrefinery.nl\/bodemas\/#breadcrumb\"},\"inLanguage\":\"de\",\"potentialAction\":[{\"@type\":\"ReadAction\",\"target\":[\"https:\/\/gsrefinery.nl\/bodemas\/\"]}]},{\"@type\":\"ImageObject\",\"inLanguage\":\"de\",\"@id\":\"https:\/\/gsrefinery.nl\/bodemas\/#primaryimage\",\"url\":\"https:\/\/gsrefinery.nl\/wp-content\/uploads\/2026\/02\/Gemini_Generated_Image_iatmpiatmpiatmpi.png\",\"contentUrl\":\"https:\/\/gsrefinery.nl\/wp-content\/uploads\/2026\/02\/Gemini_Generated_Image_iatmpiatmpiatmpi.png\",\"width\":1248,\"height\":832},{\"@type\":\"BreadcrumbList\",\"@id\":\"https:\/\/gsrefinery.nl\/bodemas\/#breadcrumb\",\"itemListElement\":[{\"@type\":\"ListItem\",\"position\":1,\"name\":\"Home\",\"item\":\"https:\/\/gsrefinery.nl\/\"},{\"@type\":\"ListItem\",\"position\":2,\"name\":\"Bodemas\"}]},{\"@type\":\"WebSite\",\"@id\":\"https:\/\/gsrefinery.nl\/#website\",\"url\":\"https:\/\/gsrefinery.nl\/\",\"name\":\"Industrial Precious Metal Recycling\",\"description\":\"Edelmetaal recycling\",\"publisher\":{\"@id\":\"https:\/\/gsrefinery.nl\/#organization\"},\"potentialAction\":[{\"@type\":\"SearchAction\",\"target\":{\"@type\":\"EntryPoint\",\"urlTemplate\":\"https:\/\/gsrefinery.nl\/?s={search_term_string}\"},\"query-input\":{\"@type\":\"PropertyValueSpecification\",\"valueRequired\":true,\"valueName\":\"search_term_string\"}}],\"inLanguage\":\"de\"},{\"@type\":\"Organization\",\"@id\":\"https:\/\/gsrefinery.nl\/#organization\",\"name\":\"Industrial Precious Metal Recycling\",\"url\":\"https:\/\/gsrefinery.nl\/\",\"logo\":{\"@type\":\"ImageObject\",\"inLanguage\":\"de\",\"@id\":\"https:\/\/gsrefinery.nl\/#\/schema\/logo\/image\/\",\"url\":\"https:\/\/gsrefinery.nl\/wp-content\/uploads\/2026\/02\/Logo-GS-Refinery-BV-vierkant.png\",\"contentUrl\":\"https:\/\/gsrefinery.nl\/wp-content\/uploads\/2026\/02\/Logo-GS-Refinery-BV-vierkant.png\",\"width\":1024,\"height\":1024,\"caption\":\"Industrial Precious Metal Recycling\"},\"image\":{\"@id\":\"https:\/\/gsrefinery.nl\/#\/schema\/logo\/image\/\"}}]}<\/script>\n<!-- \/ Yoast SEO plugin. -->","yoast_head_json":{"title":"Bodemas - GS Refinery BV","robots":{"index":"noindex","follow":"follow","max-snippet":"max-snippet:-1","max-image-preview":"max-image-preview:large","max-video-preview":"max-video-preview:-1"},"og_locale":"de_DE","og_type":"article","og_title":"Bodemas - GS Refinery BV","og_description":"Bodemas-metaalfracties: Maximale recuperatie uit complexe reststromen Bodemas-metaalfracties \u2013 de fijnmazige metaalconcentraten die overblijven na thermische verwerking in afvalenergiecentrales (AEC) \u2013 vormen een van de meest complexe reststromen in de markt. Deze fracties bestaan uit een heterogene mix van non-ferrometalen en edelmetaalhoudende legeringen. Waar standaard smelters vaak moeite hebben met de variabele samenstelling, garandeert GS Refinery [&hellip;]","og_url":"https:\/\/gsrefinery.nl\/de\/bodemas\/","og_site_name":"GS Refinery BV","article_modified_time":"2026-02-20T22:00:46+00:00","og_image":[{"width":1024,"height":683,"url":"https:\/\/gsrefinery.nl\/wp-content\/uploads\/2026\/02\/Gemini_Generated_Image_iatmpiatmpiatmpi-1024x683.png","type":"image\/png"}],"twitter_card":"summary_large_image","twitter_misc":{"Gesch\u00e4tzte Lesezeit":"2\u00a0Minuten"},"schema":{"@context":"https:\/\/schema.org","@graph":[{"@type":"WebPage","@id":"https:\/\/gsrefinery.nl\/bodemas\/","url":"https:\/\/gsrefinery.nl\/bodemas\/","name":"Bodemas - GS Refinery BV","isPartOf":{"@id":"https:\/\/gsrefinery.nl\/#website"},"primaryImageOfPage":{"@id":"https:\/\/gsrefinery.nl\/bodemas\/#primaryimage"},"image":{"@id":"https:\/\/gsrefinery.nl\/bodemas\/#primaryimage"},"thumbnailUrl":"https:\/\/gsrefinery.nl\/wp-content\/uploads\/2026\/02\/Gemini_Generated_Image_iatmpiatmpiatmpi.png","datePublished":"2026-02-07T22:36:59+00:00","dateModified":"2026-02-20T22:00:46+00:00","breadcrumb":{"@id":"https:\/\/gsrefinery.nl\/bodemas\/#breadcrumb"},"inLanguage":"de","potentialAction":[{"@type":"ReadAction","target":["https:\/\/gsrefinery.nl\/bodemas\/"]}]},{"@type":"ImageObject","inLanguage":"de","@id":"https:\/\/gsrefinery.nl\/bodemas\/#primaryimage","url":"https:\/\/gsrefinery.nl\/wp-content\/uploads\/2026\/02\/Gemini_Generated_Image_iatmpiatmpiatmpi.png","contentUrl":"https:\/\/gsrefinery.nl\/wp-content\/uploads\/2026\/02\/Gemini_Generated_Image_iatmpiatmpiatmpi.png","width":1248,"height":832},{"@type":"BreadcrumbList","@id":"https:\/\/gsrefinery.nl\/bodemas\/#breadcrumb","itemListElement":[{"@type":"ListItem","position":1,"name":"Home","item":"https:\/\/gsrefinery.nl\/"},{"@type":"ListItem","position":2,"name":"Bodemas"}]},{"@type":"WebSite","@id":"https:\/\/gsrefinery.nl\/#website","url":"https:\/\/gsrefinery.nl\/","name":"Industrial Precious Metal Recycling","description":"Edelmetaal recycling","publisher":{"@id":"https:\/\/gsrefinery.nl\/#organization"},"potentialAction":[{"@type":"SearchAction","target":{"@type":"EntryPoint","urlTemplate":"https:\/\/gsrefinery.nl\/?s={search_term_string}"},"query-input":{"@type":"PropertyValueSpecification","valueRequired":true,"valueName":"search_term_string"}}],"inLanguage":"de"},{"@type":"Organization","@id":"https:\/\/gsrefinery.nl\/#organization","name":"Industrial Precious Metal Recycling","url":"https:\/\/gsrefinery.nl\/","logo":{"@type":"ImageObject","inLanguage":"de","@id":"https:\/\/gsrefinery.nl\/#\/schema\/logo\/image\/","url":"https:\/\/gsrefinery.nl\/wp-content\/uploads\/2026\/02\/Logo-GS-Refinery-BV-vierkant.png","contentUrl":"https:\/\/gsrefinery.nl\/wp-content\/uploads\/2026\/02\/Logo-GS-Refinery-BV-vierkant.png","width":1024,"height":1024,"caption":"Industrial Precious Metal Recycling"},"image":{"@id":"https:\/\/gsrefinery.nl\/#\/schema\/logo\/image\/"}}]}},"_links":{"self":[{"href":"https:\/\/gsrefinery.nl\/de\/wp-json\/wp\/v2\/pages\/110","targetHints":{"allow":["GET"]}}],"collection":[{"href":"https:\/\/gsrefinery.nl\/de\/wp-json\/wp\/v2\/pages"}],"about":[{"href":"https:\/\/gsrefinery.nl\/de\/wp-json\/wp\/v2\/types\/page"}],"author":[{"embeddable":true,"href":"https:\/\/gsrefinery.nl\/de\/wp-json\/wp\/v2\/users\/1"}],"replies":[{"embeddable":true,"href":"https:\/\/gsrefinery.nl\/de\/wp-json\/wp\/v2\/comments?post=110"}],"version-history":[{"count":9,"href":"https:\/\/gsrefinery.nl\/de\/wp-json\/wp\/v2\/pages\/110\/revisions"}],"predecessor-version":[{"id":221,"href":"https:\/\/gsrefinery.nl\/de\/wp-json\/wp\/v2\/pages\/110\/revisions\/221"}],"wp:featuredmedia":[{"embeddable":true,"href":"https:\/\/gsrefinery.nl\/de\/wp-json\/wp\/v2\/media\/35"}],"wp:attachment":[{"href":"https:\/\/gsrefinery.nl\/de\/wp-json\/wp\/v2\/media?parent=110"}],"curies":[{"name":"wp","href":"https:\/\/api.w.org\/{rel}","templated":true}]}}