{"id":128,"date":"2026-02-07T22:44:50","date_gmt":"2026-02-07T22:44:50","guid":{"rendered":"https:\/\/gsrefinery.nl\/?page_id=128"},"modified":"2026-02-21T12:20:34","modified_gmt":"2026-02-21T12:20:34","slug":"over-ons","status":"publish","type":"page","link":"https:\/\/gsrefinery.nl\/de\/over-ons\/","title":{"rendered":"\u00dcber uns"},"content":{"rendered":"<h2 class=\"wp-block-heading has-text-color has-link-color wp-elements-1468937532e25e80657f742e5b07954b\" style=\"color:#cf2e2e\"><strong>Ein Spezialist innerhalb der Branche<\/strong><\/h2>\n\n\n\n<p class=\"has-contrast-color has-text-color has-link-color wp-elements-272a6ee73f472c3f6944a8972101970b\" style=\"font-size:clamp(14px, 0.875rem + ((1vw - 3.2px) * 0.196), 16px);\">GS Refinery BV entstand aus dem Bedarf vieler (Metall-)Recyclingunternehmen und Aufk\u00e4ufer\/H\u00e4ndler, mit einem Unternehmen zusammenzuarbeiten, das sich vollst\u00e4ndig auf industrielle Abfallstr\u00f6me spezialisiert hat. Dabei k\u00f6nnen wir alle Abfallstr\u00f6me wie vergoldete, versilberte, Elektroschrott, Bodenasche-Restfraktionen und andere komplexe Str\u00f6me (wie platin- und\/oder palladiumhaltige Materialien) verarbeiten. <\/p>\n\n\n\n<h3 class=\"wp-block-heading has-text-color has-link-color wp-elements-4be3feb10ecd20eeb5494aad52448784\" style=\"color:#cf2e2e\"><strong>Fokus unterscheidet uns<\/strong><\/h3>\n\n\n\n<p class=\"has-contrast-color has-text-color has-link-color wp-elements-9aa5008ec81b05cf76389572d840bd4c\" style=\"font-size:clamp(14px, 0.875rem + ((1vw - 3.2px) * 0.196), 16px);\">Heute haben sich die industriellen Edelmetallverarbeiter gr\u00f6\u00dftenteils aus den Niederlanden zur\u00fcckgezogen und sich in L\u00e4ndern wie Deutschland und Polen niedergelassen. GS Refinery hat jedoch in den Niederlanden eine hochmoderne Verarbeitungsanlage errichtet, um Edelmetalle auf m\u00f6glichst effiziente und umweltfreundliche Weise f\u00fcr eine vielf\u00e4ltige Kundengruppe zu verarbeiten.<\/p>\n\n\n\n<h3 class=\"wp-block-heading has-text-color has-link-color wp-elements-03bba0db521d705eae08b96e9e6d0fe6\" style=\"color:#cf2e2e\"><strong>Langj\u00e4hrige Erfahrung<\/strong><\/h3>\n\n\n\n<p class=\"has-contrast-color has-text-color has-link-color wp-elements-6520fee547beec1cc01fa284803a0cb8\" style=\"font-size:clamp(14px, 0.875rem + ((1vw - 3.2px) * 0.196), 16px);\">Dank unserer langj\u00e4hrigen Erfahrung in der traditionellen und industriellen Edelmetallbranche k\u00f6nnen Sie sicher sein, dass Sie bei uns an der richtigen Adresse sind. Unsere Spezialisten helfen Ihnen gerne weiter und informieren Sie ausf\u00fchrlich \u00fcber die verschiedenen Verarbeitungsmethoden und dar\u00fcber, wie wir f\u00fcr Sie den h\u00f6chsten Ertrag erzielen.<\/p>","protected":false},"excerpt":{"rendered":"<p>Een specialist binnen de branche GS Refinery BV is ontstaan vanuit de behoefte van veel (metaal)recyclingbedrijven en opkopers \/ handelaren om zaken te doen met een bedrijf die volledig gespecialiseerd is in industri\u00eble afvalstromen. Daarbij kunnen we alle afvalstromen zoals verguld, verzilverd, e-waste, bodemas-restfracties en andere complexe stromen (zoals platina- en\/of palladiumhoudend materiaal) verwerken. Focus [&hellip;]<\/p>\n","protected":false},"author":1,"featured_media":33,"parent":0,"menu_order":0,"comment_status":"closed","ping_status":"closed","template":"","meta":{"footnotes":""},"class_list":["post-128","page","type-page","status-publish","has-post-thumbnail","hentry"],"yoast_head":"<!-- This site is optimized with the Yoast SEO plugin v27.2 - https:\/\/yoast.com\/product\/yoast-seo-wordpress\/ -->\n<title>Over ons - GS Refinery BV<\/title>\n<meta name=\"robots\" content=\"noindex, follow, max-snippet:-1, max-image-preview:large, max-video-preview:-1\" \/>\n<meta property=\"og:locale\" content=\"de_DE\" \/>\n<meta property=\"og:type\" content=\"article\" \/>\n<meta property=\"og:title\" content=\"Over ons - GS Refinery BV\" \/>\n<meta property=\"og:description\" content=\"Een specialist binnen de branche GS Refinery BV is ontstaan vanuit de behoefte van veel (metaal)recyclingbedrijven en opkopers \/ handelaren om zaken te doen met een bedrijf die volledig gespecialiseerd is in industri\u00eble afvalstromen. Daarbij kunnen we alle afvalstromen zoals verguld, verzilverd, e-waste, bodemas-restfracties en andere complexe stromen (zoals platina- en\/of palladiumhoudend materiaal) verwerken. Focus [&hellip;]\" \/>\n<meta property=\"og:url\" content=\"https:\/\/gsrefinery.nl\/de\/over-ons\/\" \/>\n<meta property=\"og:site_name\" content=\"GS Refinery BV\" \/>\n<meta property=\"article:modified_time\" content=\"2026-02-21T12:20:34+00:00\" \/>\n<meta property=\"og:image\" content=\"https:\/\/gsrefinery.nl\/wp-content\/uploads\/2026\/02\/stock-photo-close-up-of-gold-plated-frb-pins-used-as-electronic-connectors-showing-detail-of-precision-2676885581-e1770470353855.jpg\" \/>\n\t<meta property=\"og:image:width\" content=\"1155\" \/>\n\t<meta property=\"og:image:height\" content=\"495\" \/>\n\t<meta property=\"og:image:type\" content=\"image\/jpeg\" \/>\n<meta name=\"twitter:card\" content=\"summary_large_image\" \/>\n<meta name=\"twitter:label1\" content=\"Gesch\u00e4tzte Lesezeit\" \/>\n\t<meta name=\"twitter:data1\" content=\"1\u00a0Minute\" \/>\n<script type=\"application\/ld+json\" class=\"yoast-schema-graph\">{\"@context\":\"https:\/\/schema.org\",\"@graph\":[{\"@type\":\"WebPage\",\"@id\":\"https:\/\/gsrefinery.nl\/over-ons\/\",\"url\":\"https:\/\/gsrefinery.nl\/over-ons\/\",\"name\":\"Over ons - GS Refinery BV\",\"isPartOf\":{\"@id\":\"https:\/\/gsrefinery.nl\/#website\"},\"primaryImageOfPage\":{\"@id\":\"https:\/\/gsrefinery.nl\/over-ons\/#primaryimage\"},\"image\":{\"@id\":\"https:\/\/gsrefinery.nl\/over-ons\/#primaryimage\"},\"thumbnailUrl\":\"https:\/\/gsrefinery.nl\/wp-content\/uploads\/2026\/02\/stock-photo-close-up-of-gold-plated-frb-pins-used-as-electronic-connectors-showing-detail-of-precision-2676885581-e1770470353855.jpg\",\"datePublished\":\"2026-02-07T22:44:50+00:00\",\"dateModified\":\"2026-02-21T12:20:34+00:00\",\"breadcrumb\":{\"@id\":\"https:\/\/gsrefinery.nl\/over-ons\/#breadcrumb\"},\"inLanguage\":\"de\",\"potentialAction\":[{\"@type\":\"ReadAction\",\"target\":[\"https:\/\/gsrefinery.nl\/over-ons\/\"]}]},{\"@type\":\"ImageObject\",\"inLanguage\":\"de\",\"@id\":\"https:\/\/gsrefinery.nl\/over-ons\/#primaryimage\",\"url\":\"https:\/\/gsrefinery.nl\/wp-content\/uploads\/2026\/02\/stock-photo-close-up-of-gold-plated-frb-pins-used-as-electronic-connectors-showing-detail-of-precision-2676885581-e1770470353855.jpg\",\"contentUrl\":\"https:\/\/gsrefinery.nl\/wp-content\/uploads\/2026\/02\/stock-photo-close-up-of-gold-plated-frb-pins-used-as-electronic-connectors-showing-detail-of-precision-2676885581-e1770470353855.jpg\",\"width\":1155,\"height\":495},{\"@type\":\"BreadcrumbList\",\"@id\":\"https:\/\/gsrefinery.nl\/over-ons\/#breadcrumb\",\"itemListElement\":[{\"@type\":\"ListItem\",\"position\":1,\"name\":\"Home\",\"item\":\"https:\/\/gsrefinery.nl\/\"},{\"@type\":\"ListItem\",\"position\":2,\"name\":\"Over ons\"}]},{\"@type\":\"WebSite\",\"@id\":\"https:\/\/gsrefinery.nl\/#website\",\"url\":\"https:\/\/gsrefinery.nl\/\",\"name\":\"Industrial Precious Metal Recycling\",\"description\":\"Edelmetaal recycling\",\"publisher\":{\"@id\":\"https:\/\/gsrefinery.nl\/#organization\"},\"potentialAction\":[{\"@type\":\"SearchAction\",\"target\":{\"@type\":\"EntryPoint\",\"urlTemplate\":\"https:\/\/gsrefinery.nl\/?s={search_term_string}\"},\"query-input\":{\"@type\":\"PropertyValueSpecification\",\"valueRequired\":true,\"valueName\":\"search_term_string\"}}],\"inLanguage\":\"de\"},{\"@type\":\"Organization\",\"@id\":\"https:\/\/gsrefinery.nl\/#organization\",\"name\":\"Industrial Precious Metal Recycling\",\"url\":\"https:\/\/gsrefinery.nl\/\",\"logo\":{\"@type\":\"ImageObject\",\"inLanguage\":\"de\",\"@id\":\"https:\/\/gsrefinery.nl\/#\/schema\/logo\/image\/\",\"url\":\"https:\/\/gsrefinery.nl\/wp-content\/uploads\/2026\/02\/Logo-GS-Refinery-BV-vierkant.png\",\"contentUrl\":\"https:\/\/gsrefinery.nl\/wp-content\/uploads\/2026\/02\/Logo-GS-Refinery-BV-vierkant.png\",\"width\":1024,\"height\":1024,\"caption\":\"Industrial Precious Metal Recycling\"},\"image\":{\"@id\":\"https:\/\/gsrefinery.nl\/#\/schema\/logo\/image\/\"}}]}<\/script>\n<!-- \/ Yoast SEO plugin. -->","yoast_head_json":{"title":"Over ons - GS Refinery BV","robots":{"index":"noindex","follow":"follow","max-snippet":"max-snippet:-1","max-image-preview":"max-image-preview:large","max-video-preview":"max-video-preview:-1"},"og_locale":"de_DE","og_type":"article","og_title":"Over ons - GS Refinery BV","og_description":"Een specialist binnen de branche GS Refinery BV is ontstaan vanuit de behoefte van veel (metaal)recyclingbedrijven en opkopers \/ handelaren om zaken te doen met een bedrijf die volledig gespecialiseerd is in industri\u00eble afvalstromen. Daarbij kunnen we alle afvalstromen zoals verguld, verzilverd, e-waste, bodemas-restfracties en andere complexe stromen (zoals platina- en\/of palladiumhoudend materiaal) verwerken. Focus [&hellip;]","og_url":"https:\/\/gsrefinery.nl\/de\/over-ons\/","og_site_name":"GS Refinery BV","article_modified_time":"2026-02-21T12:20:34+00:00","og_image":[{"width":1155,"height":495,"url":"https:\/\/gsrefinery.nl\/wp-content\/uploads\/2026\/02\/stock-photo-close-up-of-gold-plated-frb-pins-used-as-electronic-connectors-showing-detail-of-precision-2676885581-e1770470353855.jpg","type":"image\/jpeg"}],"twitter_card":"summary_large_image","twitter_misc":{"Gesch\u00e4tzte Lesezeit":"1\u00a0Minute"},"schema":{"@context":"https:\/\/schema.org","@graph":[{"@type":"WebPage","@id":"https:\/\/gsrefinery.nl\/over-ons\/","url":"https:\/\/gsrefinery.nl\/over-ons\/","name":"Over ons - GS Refinery BV","isPartOf":{"@id":"https:\/\/gsrefinery.nl\/#website"},"primaryImageOfPage":{"@id":"https:\/\/gsrefinery.nl\/over-ons\/#primaryimage"},"image":{"@id":"https:\/\/gsrefinery.nl\/over-ons\/#primaryimage"},"thumbnailUrl":"https:\/\/gsrefinery.nl\/wp-content\/uploads\/2026\/02\/stock-photo-close-up-of-gold-plated-frb-pins-used-as-electronic-connectors-showing-detail-of-precision-2676885581-e1770470353855.jpg","datePublished":"2026-02-07T22:44:50+00:00","dateModified":"2026-02-21T12:20:34+00:00","breadcrumb":{"@id":"https:\/\/gsrefinery.nl\/over-ons\/#breadcrumb"},"inLanguage":"de","potentialAction":[{"@type":"ReadAction","target":["https:\/\/gsrefinery.nl\/over-ons\/"]}]},{"@type":"ImageObject","inLanguage":"de","@id":"https:\/\/gsrefinery.nl\/over-ons\/#primaryimage","url":"https:\/\/gsrefinery.nl\/wp-content\/uploads\/2026\/02\/stock-photo-close-up-of-gold-plated-frb-pins-used-as-electronic-connectors-showing-detail-of-precision-2676885581-e1770470353855.jpg","contentUrl":"https:\/\/gsrefinery.nl\/wp-content\/uploads\/2026\/02\/stock-photo-close-up-of-gold-plated-frb-pins-used-as-electronic-connectors-showing-detail-of-precision-2676885581-e1770470353855.jpg","width":1155,"height":495},{"@type":"BreadcrumbList","@id":"https:\/\/gsrefinery.nl\/over-ons\/#breadcrumb","itemListElement":[{"@type":"ListItem","position":1,"name":"Home","item":"https:\/\/gsrefinery.nl\/"},{"@type":"ListItem","position":2,"name":"Over ons"}]},{"@type":"WebSite","@id":"https:\/\/gsrefinery.nl\/#website","url":"https:\/\/gsrefinery.nl\/","name":"Industrial Precious Metal Recycling","description":"Edelmetaal recycling","publisher":{"@id":"https:\/\/gsrefinery.nl\/#organization"},"potentialAction":[{"@type":"SearchAction","target":{"@type":"EntryPoint","urlTemplate":"https:\/\/gsrefinery.nl\/?s={search_term_string}"},"query-input":{"@type":"PropertyValueSpecification","valueRequired":true,"valueName":"search_term_string"}}],"inLanguage":"de"},{"@type":"Organization","@id":"https:\/\/gsrefinery.nl\/#organization","name":"Industrial Precious Metal Recycling","url":"https:\/\/gsrefinery.nl\/","logo":{"@type":"ImageObject","inLanguage":"de","@id":"https:\/\/gsrefinery.nl\/#\/schema\/logo\/image\/","url":"https:\/\/gsrefinery.nl\/wp-content\/uploads\/2026\/02\/Logo-GS-Refinery-BV-vierkant.png","contentUrl":"https:\/\/gsrefinery.nl\/wp-content\/uploads\/2026\/02\/Logo-GS-Refinery-BV-vierkant.png","width":1024,"height":1024,"caption":"Industrial Precious Metal Recycling"},"image":{"@id":"https:\/\/gsrefinery.nl\/#\/schema\/logo\/image\/"}}]}},"_links":{"self":[{"href":"https:\/\/gsrefinery.nl\/de\/wp-json\/wp\/v2\/pages\/128","targetHints":{"allow":["GET"]}}],"collection":[{"href":"https:\/\/gsrefinery.nl\/de\/wp-json\/wp\/v2\/pages"}],"about":[{"href":"https:\/\/gsrefinery.nl\/de\/wp-json\/wp\/v2\/types\/page"}],"author":[{"embeddable":true,"href":"https:\/\/gsrefinery.nl\/de\/wp-json\/wp\/v2\/users\/1"}],"replies":[{"embeddable":true,"href":"https:\/\/gsrefinery.nl\/de\/wp-json\/wp\/v2\/comments?post=128"}],"version-history":[{"count":4,"href":"https:\/\/gsrefinery.nl\/de\/wp-json\/wp\/v2\/pages\/128\/revisions"}],"predecessor-version":[{"id":273,"href":"https:\/\/gsrefinery.nl\/de\/wp-json\/wp\/v2\/pages\/128\/revisions\/273"}],"wp:featuredmedia":[{"embeddable":true,"href":"https:\/\/gsrefinery.nl\/de\/wp-json\/wp\/v2\/media\/33"}],"wp:attachment":[{"href":"https:\/\/gsrefinery.nl\/de\/wp-json\/wp\/v2\/media?parent=128"}],"curies":[{"name":"wp","href":"https:\/\/api.w.org\/{rel}","templated":true}]}}